{"id":5,"date":"2020-11-26T02:33:54","date_gmt":"2020-11-26T01:33:54","guid":{"rendered":"https:\/\/analogesinne.com\/?page_id=3"},"modified":"2025-06-24T00:17:20","modified_gmt":"2025-06-23T22:17:20","slug":"datenschutzerklaerung","status":"publish","type":"page","link":"https:\/\/analogesinne.com\/?page_id=5","title":{"rendered":"Datenschutzerkl\u00e4rung"},"content":{"rendered":"\t\t<div data-elementor-type=\"wp-page\" data-elementor-id=\"5\" class=\"elementor elementor-5\" data-elementor-settings=\"[]\">\n\t\t\t\t\t\t\t<div class=\"elementor-section-wrap\">\n\t\t\t\t\t\t\t<section class=\"elementor-section elementor-top-section elementor-element elementor-element-8f91b4b elementor-section-boxed elementor-section-height-default elementor-section-height-default gs-locked-section-no gs-parallax-off\" data-id=\"8f91b4b\" data-element_type=\"section\">\n\t\t\t\t\t\t<div class=\"elementor-container elementor-column-gap-default\">\n\t\t\t\t\t<div class=\"elementor-column elementor-col-16 elementor-top-column elementor-element elementor-element-e383e8a\" data-id=\"e383e8a\" data-element_type=\"column\">\n\t\t\t<div class=\"elementor-widget-wrap elementor-element-populated\">\n\t\t\t\t\t\t\t\t<div class=\"elementor-element elementor-element-40d2fc5 elementor-widget elementor-widget-image\" data-id=\"40d2fc5\" data-element_type=\"widget\" data-widget_type=\"image.default\">\n\t\t\t\t<div class=\"elementor-widget-container\">\n\t\t\t\t\t\t\t\t\t\t\t\t\t\t\t<img width=\"977\" height=\"397\" src=\"https:\/\/analogesinne.com\/wp-content\/uploads\/2020\/12\/Logo5.png\" class=\"attachment-large size-large\" alt=\"\" loading=\"lazy\" srcset=\"https:\/\/analogesinne.com\/wp-content\/uploads\/2020\/12\/Logo5.png 977w, https:\/\/analogesinne.com\/wp-content\/uploads\/2020\/12\/Logo5-300x122.png 300w, https:\/\/analogesinne.com\/wp-content\/uploads\/2020\/12\/Logo5-768x312.png 768w\" sizes=\"(max-width: 977px) 100vw, 977px\" \/>\t\t\t\t\t\t\t\t\t\t\t\t\t\t\t<\/div>\n\t\t\t\t<\/div>\n\t\t\t\t\t<\/div>\n\t\t<\/div>\n\t\t\t\t<div class=\"elementor-column elementor-col-66 elementor-top-column elementor-element elementor-element-cdd92b4\" data-id=\"cdd92b4\" data-element_type=\"column\">\n\t\t\t<div class=\"elementor-widget-wrap elementor-element-populated\">\n\t\t\t\t\t\t\t\t<div class=\"elementor-element elementor-element-75ed9b4 elementor-nav-menu__align-center elementor-nav-menu--dropdown-mobile elementor-nav-menu--stretch elementor-nav-menu__text-align-center elementor-nav-menu--toggle elementor-nav-menu--burger elementor-widget elementor-widget-global elementor-global-1241 elementor-widget-nav-menu\" data-id=\"75ed9b4\" data-element_type=\"widget\" data-settings=\"{&quot;full_width&quot;:&quot;stretch&quot;,&quot;_animation_mobile&quot;:&quot;none&quot;,&quot;layout&quot;:&quot;horizontal&quot;,&quot;submenu_icon&quot;:{&quot;value&quot;:&quot;fas fa-caret-down&quot;,&quot;library&quot;:&quot;fa-solid&quot;},&quot;toggle&quot;:&quot;burger&quot;}\" data-widget_type=\"nav-menu.default\">\n\t\t\t\t<div class=\"elementor-widget-container\">\n\t\t\t\t\t\t<nav migration_allowed=\"1\" migrated=\"0\" role=\"navigation\" class=\"elementor-nav-menu--main elementor-nav-menu__container elementor-nav-menu--layout-horizontal e--pointer-double-line e--animation-grow\">\n\t\t\t\t<ul id=\"menu-1-75ed9b4\" class=\"elementor-nav-menu\"><li class=\"menu-item menu-item-type-post_type menu-item-object-page megamenu-2-col menu-item-1163\"><a href=\"https:\/\/analogesinne.com\/?page_id=741\" class=\"elementor-item\">Willkommen<\/a><\/li>\n<li class=\"menu-item menu-item-type-post_type menu-item-object-page megamenu-2-col menu-item-1497\"><a href=\"https:\/\/analogesinne.com\/?page_id=1491\" class=\"elementor-item\">Abstraktion M<\/a><\/li>\n<li class=\"menu-item menu-item-type-post_type menu-item-object-page megamenu-2-col menu-item-1118\"><a href=\"https:\/\/analogesinne.com\/?page_id=31\" class=\"elementor-item\">Figuration I<\/a><\/li>\n<li class=\"menu-item menu-item-type-post_type menu-item-object-page megamenu-2-col menu-item-3086\"><a href=\"https:\/\/analogesinne.com\/?page_id=3078\" class=\"elementor-item\">Figuration M<\/a><\/li>\n<li class=\"menu-item menu-item-type-post_type menu-item-object-page megamenu-2-col menu-item-3605\"><a href=\"https:\/\/analogesinne.com\/?page_id=3562\" class=\"elementor-item\">Prozessbilder I<\/a><\/li>\n<li class=\"menu-item menu-item-type-post_type menu-item-object-page megamenu-2-col menu-item-930\"><a href=\"https:\/\/analogesinne.com\/?page_id=814\" class=\"elementor-item\">Kontakt R<\/a><\/li>\n<\/ul>\t\t\t<\/nav>\n\t\t\t\t\t<div class=\"elementor-menu-toggle\" role=\"button\" tabindex=\"0\" aria-label=\"Menu Toggle\" aria-expanded=\"false\">\n\t\t\t<i aria-hidden=\"true\" role=\"presentation\" class=\"elementor-menu-toggle__icon--open eicon-menu-bar\"><\/i><i aria-hidden=\"true\" role=\"presentation\" class=\"elementor-menu-toggle__icon--close eicon-close\"><\/i>\t\t\t<span class=\"elementor-screen-only\">Men\u00fc<\/span>\n\t\t<\/div>\n\t\t\t<nav class=\"elementor-nav-menu--dropdown elementor-nav-menu__container\" role=\"navigation\" aria-hidden=\"true\">\n\t\t\t\t<ul id=\"menu-2-75ed9b4\" class=\"elementor-nav-menu\"><li class=\"menu-item menu-item-type-post_type menu-item-object-page megamenu-2-col menu-item-1163\"><a href=\"https:\/\/analogesinne.com\/?page_id=741\" class=\"elementor-item\" tabindex=\"-1\">Willkommen<\/a><\/li>\n<li class=\"menu-item menu-item-type-post_type menu-item-object-page megamenu-2-col menu-item-1497\"><a href=\"https:\/\/analogesinne.com\/?page_id=1491\" class=\"elementor-item\" tabindex=\"-1\">Abstraktion M<\/a><\/li>\n<li class=\"menu-item menu-item-type-post_type menu-item-object-page megamenu-2-col menu-item-1118\"><a href=\"https:\/\/analogesinne.com\/?page_id=31\" class=\"elementor-item\" tabindex=\"-1\">Figuration I<\/a><\/li>\n<li class=\"menu-item menu-item-type-post_type menu-item-object-page megamenu-2-col menu-item-3086\"><a href=\"https:\/\/analogesinne.com\/?page_id=3078\" class=\"elementor-item\" tabindex=\"-1\">Figuration M<\/a><\/li>\n<li class=\"menu-item menu-item-type-post_type menu-item-object-page megamenu-2-col menu-item-3605\"><a href=\"https:\/\/analogesinne.com\/?page_id=3562\" class=\"elementor-item\" tabindex=\"-1\">Prozessbilder I<\/a><\/li>\n<li class=\"menu-item menu-item-type-post_type menu-item-object-page megamenu-2-col menu-item-930\"><a href=\"https:\/\/analogesinne.com\/?page_id=814\" class=\"elementor-item\" tabindex=\"-1\">Kontakt R<\/a><\/li>\n<\/ul>\t\t\t<\/nav>\n\t\t\t\t<\/div>\n\t\t\t\t<\/div>\n\t\t\t\t\t<\/div>\n\t\t<\/div>\n\t\t\t\t<div class=\"elementor-column elementor-col-16 elementor-top-column elementor-element elementor-element-1a29d86\" data-id=\"1a29d86\" data-element_type=\"column\">\n\t\t\t<div class=\"elementor-widget-wrap\">\n\t\t\t\t\t\t\t\t\t<\/div>\n\t\t<\/div>\n\t\t\t\t\t\t\t<\/div>\n\t\t<\/section>\n\t\t\t\t<section class=\"elementor-section elementor-top-section elementor-element elementor-element-43839bc1 elementor-section-boxed elementor-section-height-default elementor-section-height-default gs-locked-section-no gs-parallax-off\" data-id=\"43839bc1\" data-element_type=\"section\">\n\t\t\t\t\t\t<div class=\"elementor-container elementor-column-gap-default\">\n\t\t\t\t\t<div class=\"elementor-column elementor-col-100 elementor-top-column elementor-element elementor-element-5e3f555e\" data-id=\"5e3f555e\" data-element_type=\"column\">\n\t\t\t<div class=\"elementor-widget-wrap elementor-element-populated\">\n\t\t\t\t\t\t\t\t<div class=\"elementor-element elementor-element-616c3847 elementor-widget elementor-widget-text-editor\" data-id=\"616c3847\" data-element_type=\"widget\" data-widget_type=\"text-editor.default\">\n\t\t\t\t<div class=\"elementor-widget-container\">\n\t\t\t\t\t\t\t<p><!-- wp:heading --><\/p>\n<p>Impressum<\/p>\n<p>\u00a0<\/p>\n<p>Informationspflicht laut \u00a75 E-Commerce Gesetz, \u00a714 Unternehmensgesetzbuch, \u00a763 Gewerbeordnung und Offenlegungspflicht laut \u00a725 Mediengesetz.<\/p>\n<p>\u00a0<\/p>\n<p>TRISTAN ROHRHOFER<\/p>\n<p>GUSSENBAUERGASSE 5-7\/2\/5<\/p>\n<p>1090 WIEN<\/p>\n<p><a href=\"mailto:tristan@analogesinne.com\">E-Mail senden<\/a><\/p>\n<p>\u00a0<\/p>\n<p>EU-Streitschlichtung<\/p>\n<p>Gem\u00e4\u00df Verordnung \u00fcber Online-Streitbeilegung in Verbraucherangelegenheiten (ODR-Verordnung) m\u00f6chten ich Sie \u00fcber die Online-Streitbeilegungsplattform (OS-Plattform) informieren.<br \/>Verbraucher haben die M\u00f6glichkeit, Beschwerden an die Online Streitbeilegungsplattform der Europ\u00e4ischen Kommission unter <a href=\"https:\/\/ec.europa.eu\/consumers\/odr\/main\/index.cfm?event=main.home2.show&amp;lng=DE\" target=\"_blank\" rel=\"nofollow noopener\">http:\/\/ec.europa.eu\/odr?tid=221137633<\/a> zu richten. Die daf\u00fcr notwendigen Kontaktdaten finden Sie oberhalb im Impressum.<\/p>\n<p>Ich m\u00f6chte Sie jedoch darauf hinweisen, dass ich nicht bereit oder verpflichtet bin, an Streitbeilegungsverfahren vor einer Verbraucherschlichtungsstelle teilzunehmen.<\/p>\n<p>\u00a0<\/p>\n<p>Haftung f\u00fcr Inhalte dieser Webseite<\/p>\n<p>Ich entwickele die Inhalte dieser Webseite st\u00e4ndig weiter und bem\u00fche mich korrekte und aktuelle Informationen bereitzustellen. Leider kann ich keine Haftung f\u00fcr die Korrektheit aller Inhalte auf dieser Webseite \u00fcbernehmen, speziell f\u00fcr jene die seitens Dritter bereitgestellt wurden.<\/p>\n<p>Sollten Ihnen problematische oder rechtswidrige Inhalte auffallen, bitte ich Sie mich umgehend zu kontaktieren, Sie finden die Kontaktdaten im Impressum.<\/p>\n<p>\u00a0<\/p>\n<p>Urheberrechtshinweis<\/p>\n<p>Alle Inhalte dieser Webseite (Bilder, Fotos, Texte, Videos) unterliegen dem Urheberrecht. Falls notwendig, werde ich die unerlaubte Nutzung von Teilen der Inhalte meiner Seite rechtlich verfolgen.<\/p>\n<p>\u00a0<\/p>\n<p>Bildernachweis<\/p>\n<p>Die Bilder, Fotos und Grafiken auf dieser Webseite sind urheberrechtlich gesch\u00fctzt.<\/p>\n<p>Die Bild-, Grafik- und Layoutrechte liegen beim Eigent\u00fcmer der Website.(Ausnahme: Startseite Grotte Chauvet: \u00a9 Jean-Marie Chauvet, Zitatfoto Hofmann: \u00a9 \u00a0Stefan Pangritz, Foto Tristan Rohrhofer \u00a9 Erwin Bakowsky, alle anderen (gemeinfrei, wikipedia))<\/p>\n<p><br \/>Datenschutzerkl\u00e4rung<\/p>\n<p>\u00a0<\/p>\n<p>Datenschutz<\/p>\n<p>Ich haben diese Datenschutzerkl\u00e4rung (Fassung 08.12.2020-221137633) verfasst, um Ihnen gem\u00e4\u00df der Vorgaben der <a href=\"https:\/\/eur-lex.europa.eu\/legal-content\/DE\/ALL\/?uri=celex%3A32016R0679&amp;tid=221137633\" target=\"_blank\" rel=\"noopener noreferrer nofollow\">Datenschutz-Grundverordnung (EU) 2016\/679<\/a> zu erkl\u00e4ren, welche Informationen ich sammele, wie ich Daten verwenden und welche Entscheidungsm\u00f6glichkeiten Sie als Besucher dieser Webseite haben.<\/p>\n<p>\u00a0<\/p>\n<p>TLS-Verschl\u00fcsselung mit https<\/p>\n<p>Ich verwenden https um Daten abh\u00f6rsicher im Internet zu \u00fcbertragen (Datenschutz durch Technikgestaltung <a href=\"https:\/\/eur-lex.europa.eu\/legal-content\/DE\/TXT\/HTML\/?uri=CELEX:32016R0679&amp;from=DE&amp;tid=221137633\" target=\"_blank\" rel=\"noopener noreferrer nofollow\">Artikel 25 Absatz 1 DSGVO<\/a>). Durch den Einsatz von TLS (Transport Layer Security), einem Verschl\u00fcsselungsprotokoll zur sicheren Daten\u00fcbertragung im Internet kann ich den Schutz vertraulicher Daten sicherstellen. Sie erkennen die Benutzung dieser Absicherung der Daten\u00fcbertragung am kleinen Schlosssymbol links oben im Browser und der Verwendung des Schemas https (anstatt http) als Teil unserer Internetadresse.<\/p>\n<p>\u00a0<\/p>\n<p>Umgang mit personenbezogenen Daten<\/p>\n<p>Ich erhebe, nutze und gebe Ihre personenbezogenen Daten nur dann weiter, wenn dies im gesetzlichen Rahmen erlaubt ist oder Sie in die Datenerhebung einwilligen.<br \/>Als personenbezogene Daten gelten s\u00e4mtliche Informationen, welche dazu dienen, Ihre Person zu bestimmen und welche zu Ihnen zur\u00fcckverfolgt werden k\u00f6nnen \u2013 also beispielsweise Ihr Name, Ihre E-Mail-Adresse und Telefonnummer.<\/p>\n<p>\u00a0<\/p>\n<p>Umgang mit Kontaktdaten<\/p>\n<p>Nehmen Sie mit mir durch die angebotenen Kontaktm\u00f6glichkeiten Verbindung auf, werden Ihre Angaben f\u00fcr einen Zeitraum von sechs Monaten gespeichert, damit auf diese zur Bearbeitung und Beantwortung Ihrer Anfrage und f\u00fcr den Fall von Anschlussfragen zur\u00fcckgegriffen werden kann. Ohne Ihre Einwilligung werden diese Daten nicht an Dritte weite<\/p>\n<p>\u00a0<\/p>\n<p><!-- \/wp:heading --><\/p>\t\t\t\t\t\t<\/div>\n\t\t\t\t<\/div>\n\t\t\t\t\t<\/div>\n\t\t<\/div>\n\t\t\t\t\t\t\t<\/div>\n\t\t<\/section>\n\t\t\t\t<section class=\"elementor-section elementor-top-section elementor-element elementor-element-ba46779 elementor-section-boxed elementor-section-height-default elementor-section-height-default gs-locked-section-no gs-parallax-off\" data-id=\"ba46779\" data-element_type=\"section\">\n\t\t\t\t\t\t<div class=\"elementor-container elementor-column-gap-default\">\n\t\t\t\t\t<div class=\"elementor-column elementor-col-100 elementor-top-column elementor-element elementor-element-f15ab13\" data-id=\"f15ab13\" data-element_type=\"column\">\n\t\t\t<div class=\"elementor-widget-wrap elementor-element-populated\">\n\t\t\t\t\t\t\t\t<div class=\"elementor-element elementor-element-82527e3 elementor-widget elementor-widget-image\" data-id=\"82527e3\" data-element_type=\"widget\" data-widget_type=\"image.default\">\n\t\t\t\t<div class=\"elementor-widget-container\">\n\t\t\t\t\t\t\t\t\t\t\t\t\t\t\t<img width=\"150\" height=\"150\" src=\"https:\/\/analogesinne.com\/wp-content\/uploads\/2024\/11\/Sigil_TR-150x150.png\" class=\"attachment-thumbnail size-thumbnail\" alt=\"\" loading=\"lazy\" srcset=\"https:\/\/analogesinne.com\/wp-content\/uploads\/2024\/11\/Sigil_TR-150x150.png 150w, https:\/\/analogesinne.com\/wp-content\/uploads\/2024\/11\/Sigil_TR-500x500.png 500w, https:\/\/analogesinne.com\/wp-content\/uploads\/2024\/11\/Sigil_TR-600x600.png 600w, https:\/\/analogesinne.com\/wp-content\/uploads\/2024\/11\/Sigil_TR-1000x1000.png 1000w\" sizes=\"(max-width: 150px) 100vw, 150px\" \/>\t\t\t\t\t\t\t\t\t\t\t\t\t\t\t<\/div>\n\t\t\t\t<\/div>\n\t\t\t\t\t<\/div>\n\t\t<\/div>\n\t\t\t\t\t\t\t<\/div>\n\t\t<\/section>\n\t\t\t\t\t\t<\/div>\n\t\t\t\t\t<\/div>\n\t\t","protected":false},"excerpt":{"rendered":"<p>Impressum \u00a0 Informationspflicht laut \u00a75 E-Commerce Gesetz, \u00a714 Unternehmensgesetzbuch, \u00a763 Gewerbeordnung und Offenlegungspflicht laut \u00a725 Mediengesetz. \u00a0 TRISTAN ROHRHOFER GUSSENBAUERGASSE 5-7\/2\/5 1090 WIEN&#8230;<\/p>\n","protected":false},"author":1,"featured_media":0,"parent":0,"menu_order":0,"comment_status":"closed","ping_status":"open","template":"","meta":[],"acf":[],"yoast_head":"<!-- This site is optimized with the Yoast SEO plugin v19.6 - https:\/\/yoast.com\/wordpress\/plugins\/seo\/ -->\n<title>Datenschutzerkl\u00e4rung - analoge sinne<\/title>\n<meta name=\"robots\" content=\"index, follow, max-snippet:-1, max-image-preview:large, max-video-preview:-1\" \/>\n<link rel=\"canonical\" href=\"https:\/\/analogesinne.com\/?page_id=5\" \/>\n<meta property=\"og:locale\" content=\"de_DE\" \/>\n<meta property=\"og:type\" content=\"article\" \/>\n<meta property=\"og:title\" content=\"Datenschutzerkl\u00e4rung - analoge sinne\" \/>\n<meta property=\"og:description\" content=\"Impressum \u00a0 Informationspflicht laut \u00a75 E-Commerce Gesetz, \u00a714 Unternehmensgesetzbuch, \u00a763 Gewerbeordnung und Offenlegungspflicht laut \u00a725 Mediengesetz. \u00a0 TRISTAN ROHRHOFER GUSSENBAUERGASSE 5-7\/2\/5 1090 WIEN...\" \/>\n<meta property=\"og:url\" content=\"https:\/\/analogesinne.com\/?page_id=5\" \/>\n<meta property=\"og:site_name\" content=\"analoge sinne\" \/>\n<meta property=\"article:modified_time\" content=\"2025-06-23T22:17:20+00:00\" \/>\n<meta property=\"og:image\" content=\"https:\/\/analogesinne.com\/wp-content\/uploads\/2020\/12\/Logo5.png\" \/>\n<meta name=\"twitter:card\" content=\"summary_large_image\" \/>\n<meta name=\"twitter:label1\" content=\"Gesch\u00e4tzte Lesezeit\" \/>\n\t<meta name=\"twitter:data1\" content=\"3\u00a0Minuten\" \/>\n<script type=\"application\/ld+json\" class=\"yoast-schema-graph\">{\"@context\":\"https:\/\/schema.org\",\"@graph\":[{\"@type\":\"WebPage\",\"@id\":\"https:\/\/analogesinne.com\/?page_id=5\",\"url\":\"https:\/\/analogesinne.com\/?page_id=5\",\"name\":\"Datenschutzerkl\u00e4rung - analoge sinne\",\"isPartOf\":{\"@id\":\"https:\/\/analogesinne.com\/#website\"},\"datePublished\":\"2020-11-26T01:33:54+00:00\",\"dateModified\":\"2025-06-23T22:17:20+00:00\",\"breadcrumb\":{\"@id\":\"https:\/\/analogesinne.com\/?page_id=5#breadcrumb\"},\"inLanguage\":\"de\",\"potentialAction\":[{\"@type\":\"ReadAction\",\"target\":[\"https:\/\/analogesinne.com\/?page_id=5\"]}]},{\"@type\":\"BreadcrumbList\",\"@id\":\"https:\/\/analogesinne.com\/?page_id=5#breadcrumb\",\"itemListElement\":[{\"@type\":\"ListItem\",\"position\":1,\"name\":\"Startseite\",\"item\":\"https:\/\/analogesinne.com\/\"},{\"@type\":\"ListItem\",\"position\":2,\"name\":\"Datenschutzerkl\u00e4rung\"}]},{\"@type\":\"WebSite\",\"@id\":\"https:\/\/analogesinne.com\/#website\",\"url\":\"https:\/\/analogesinne.com\/\",\"name\":\"analoge sinne\",\"description\":\"Stufenlose Wahrnehmung\",\"publisher\":{\"@id\":\"https:\/\/analogesinne.com\/#organization\"},\"potentialAction\":[{\"@type\":\"SearchAction\",\"target\":{\"@type\":\"EntryPoint\",\"urlTemplate\":\"https:\/\/analogesinne.com\/?s={search_term_string}\"},\"query-input\":\"required name=search_term_string\"}],\"inLanguage\":\"de\"},{\"@type\":\"Organization\",\"@id\":\"https:\/\/analogesinne.com\/#organization\",\"name\":\"analoge sinne\",\"url\":\"https:\/\/analogesinne.com\/\",\"sameAs\":[],\"logo\":{\"@type\":\"ImageObject\",\"inLanguage\":\"de\",\"@id\":\"https:\/\/analogesinne.com\/#\/schema\/logo\/image\/\",\"url\":\"https:\/\/analogesinne.com\/wp-content\/uploads\/2022\/01\/logo_as_neu.png\",\"contentUrl\":\"https:\/\/analogesinne.com\/wp-content\/uploads\/2022\/01\/logo_as_neu.png\",\"width\":2577,\"height\":1197,\"caption\":\"analoge sinne\"},\"image\":{\"@id\":\"https:\/\/analogesinne.com\/#\/schema\/logo\/image\/\"}}]}<\/script>\n<!-- \/ Yoast SEO plugin. -->","yoast_head_json":{"title":"Datenschutzerkl\u00e4rung - analoge sinne","robots":{"index":"index","follow":"follow","max-snippet":"max-snippet:-1","max-image-preview":"max-image-preview:large","max-video-preview":"max-video-preview:-1"},"canonical":"https:\/\/analogesinne.com\/?page_id=5","og_locale":"de_DE","og_type":"article","og_title":"Datenschutzerkl\u00e4rung - analoge sinne","og_description":"Impressum \u00a0 Informationspflicht laut \u00a75 E-Commerce Gesetz, \u00a714 Unternehmensgesetzbuch, \u00a763 Gewerbeordnung und Offenlegungspflicht laut \u00a725 Mediengesetz. \u00a0 TRISTAN ROHRHOFER GUSSENBAUERGASSE 5-7\/2\/5 1090 WIEN...","og_url":"https:\/\/analogesinne.com\/?page_id=5","og_site_name":"analoge sinne","article_modified_time":"2025-06-23T22:17:20+00:00","og_image":[{"url":"https:\/\/analogesinne.com\/wp-content\/uploads\/2020\/12\/Logo5.png"}],"twitter_card":"summary_large_image","twitter_misc":{"Gesch\u00e4tzte Lesezeit":"3\u00a0Minuten"},"schema":{"@context":"https:\/\/schema.org","@graph":[{"@type":"WebPage","@id":"https:\/\/analogesinne.com\/?page_id=5","url":"https:\/\/analogesinne.com\/?page_id=5","name":"Datenschutzerkl\u00e4rung - analoge sinne","isPartOf":{"@id":"https:\/\/analogesinne.com\/#website"},"datePublished":"2020-11-26T01:33:54+00:00","dateModified":"2025-06-23T22:17:20+00:00","breadcrumb":{"@id":"https:\/\/analogesinne.com\/?page_id=5#breadcrumb"},"inLanguage":"de","potentialAction":[{"@type":"ReadAction","target":["https:\/\/analogesinne.com\/?page_id=5"]}]},{"@type":"BreadcrumbList","@id":"https:\/\/analogesinne.com\/?page_id=5#breadcrumb","itemListElement":[{"@type":"ListItem","position":1,"name":"Startseite","item":"https:\/\/analogesinne.com\/"},{"@type":"ListItem","position":2,"name":"Datenschutzerkl\u00e4rung"}]},{"@type":"WebSite","@id":"https:\/\/analogesinne.com\/#website","url":"https:\/\/analogesinne.com\/","name":"analoge sinne","description":"Stufenlose Wahrnehmung","publisher":{"@id":"https:\/\/analogesinne.com\/#organization"},"potentialAction":[{"@type":"SearchAction","target":{"@type":"EntryPoint","urlTemplate":"https:\/\/analogesinne.com\/?s={search_term_string}"},"query-input":"required name=search_term_string"}],"inLanguage":"de"},{"@type":"Organization","@id":"https:\/\/analogesinne.com\/#organization","name":"analoge sinne","url":"https:\/\/analogesinne.com\/","sameAs":[],"logo":{"@type":"ImageObject","inLanguage":"de","@id":"https:\/\/analogesinne.com\/#\/schema\/logo\/image\/","url":"https:\/\/analogesinne.com\/wp-content\/uploads\/2022\/01\/logo_as_neu.png","contentUrl":"https:\/\/analogesinne.com\/wp-content\/uploads\/2022\/01\/logo_as_neu.png","width":2577,"height":1197,"caption":"analoge sinne"},"image":{"@id":"https:\/\/analogesinne.com\/#\/schema\/logo\/image\/"}}]}},"_links":{"self":[{"href":"https:\/\/analogesinne.com\/index.php?rest_route=\/wp\/v2\/pages\/5"}],"collection":[{"href":"https:\/\/analogesinne.com\/index.php?rest_route=\/wp\/v2\/pages"}],"about":[{"href":"https:\/\/analogesinne.com\/index.php?rest_route=\/wp\/v2\/types\/page"}],"author":[{"embeddable":true,"href":"https:\/\/analogesinne.com\/index.php?rest_route=\/wp\/v2\/users\/1"}],"replies":[{"embeddable":true,"href":"https:\/\/analogesinne.com\/index.php?rest_route=%2Fwp%2Fv2%2Fcomments&post=5"}],"version-history":[{"count":80,"href":"https:\/\/analogesinne.com\/index.php?rest_route=\/wp\/v2\/pages\/5\/revisions"}],"predecessor-version":[{"id":4048,"href":"https:\/\/analogesinne.com\/index.php?rest_route=\/wp\/v2\/pages\/5\/revisions\/4048"}],"wp:attachment":[{"href":"https:\/\/analogesinne.com\/index.php?rest_route=%2Fwp%2Fv2%2Fmedia&parent=5"}],"curies":[{"name":"wp","href":"https:\/\/api.w.org\/{rel}","templated":true}]}}